{"id":1830,"date":"2023-12-12T12:19:39","date_gmt":"2023-12-12T11:19:39","guid":{"rendered":"https:\/\/www.residencepatriarca.it\/eventi\/"},"modified":"2025-04-28T11:47:06","modified_gmt":"2025-04-28T09:47:06","slug":"eventi","status":"publish","type":"page","link":"https:\/\/www.residencepatriarca.it\/en\/eventi\/","title":{"rendered":"Eventi"},"content":{"rendered":"<style>\/*! elementor - v3.17.0 - 08-11-2023 *\/\n.elementor-heading-title{padding:0;margin:0;line-height:1}.elementor-widget-heading .elementor-heading-title[class*=elementor-size-]>a{color:inherit;font-size:inherit;line-height:inherit}.elementor-widget-heading .elementor-heading-title.elementor-size-small{font-size:15px}.elementor-widget-heading .elementor-heading-title.elementor-size-medium{font-size:19px}.elementor-widget-heading .elementor-heading-title.elementor-size-large{font-size:29px}.elementor-widget-heading .elementor-heading-title.elementor-size-xl{font-size:39px}.elementor-widget-heading .elementor-heading-title.elementor-size-xxl{font-size:59px}<\/style>\n<h1>Eventi<\/h1>\n<h2>Gli Eventi<\/h2>\n<p>II Residence Patriarca e Maestoso sono nel cuore della Versilia, punto di partenza per raggiungere in poco tempo gli eventi artistici e culturali della Toscana e delle regioni vicine.<\/p>\n<article data-id=\"1739\">\n            <a href=\"https:\/\/www.residencepatriarca.it\/en\/2023\/12\/06\/lucca-film-festival\/\"><\/a><br \/>\n                <img fetchpriority=\"high\" width=\"500\" height=\"500\" src=\"https:\/\/www.residencepatriarca.it\/wp-content\/uploads\/2023\/12\/lucca-film-festival-500x500.jpg\" alt=\"\" decoding=\"async\" srcset=\"https:\/\/www.residencepatriarca.it\/wp-content\/uploads\/2023\/12\/lucca-film-festival-500x500.jpg 500w, https:\/\/www.residencepatriarca.it\/wp-content\/uploads\/2023\/12\/lucca-film-festival-150x150.jpg 150w, https:\/\/www.residencepatriarca.it\/wp-content\/uploads\/2023\/12\/lucca-film-festival-570x570.jpg 570w, https:\/\/www.residencepatriarca.it\/wp-content\/uploads\/2023\/12\/lucca-film-festival-1000x999.jpg 1000w, https:\/\/www.residencepatriarca.it\/wp-content\/uploads\/2023\/12\/lucca-film-festival-650x650.jpg 650w\" sizes=\"(max-width: 500px) 100vw, 500px\" \/><\/p>\n<header>\n<h3><a\n                        href=\"https:\/\/www.residencepatriarca.it\/en\/2023\/12\/06\/lucca-film-festival\/\"\n                        title=\"Lucca Film Festival\">Lucca Film Festival<\/a><\/h3>\n<\/header>\n<p>Settembre l Festival, promuove una cultura cinematografica. Nella citt\u00e0 di Lucca sono chiamati molteplici autori, artisti, professionisti per dialogare con il pubblico attraverso incontri, dibattiti, mostre,&#8230;<\/p>\n<p><a\n                            href=\"https:\/\/www.residencepatriarca.it\/en\/2023\/12\/06\/lucca-film-festival\/\"\n                           >Leggi Tutto<\/a><br \/>\n    <\/article>\n<article data-id=\"1738\">\n            <a href=\"https:\/\/www.residencepatriarca.it\/en\/2023\/12\/06\/s-ermete\/\"><\/a><br \/>\n                <img width=\"500\" height=\"500\" src=\"https:\/\/www.residencepatriarca.it\/wp-content\/uploads\/2023\/12\/sant-ermete-500x500.jpg\" alt=\"\" decoding=\"async\" srcset=\"https:\/\/www.residencepatriarca.it\/wp-content\/uploads\/2023\/12\/sant-ermete-500x500.jpg 500w, https:\/\/www.residencepatriarca.it\/wp-content\/uploads\/2023\/12\/sant-ermete-150x150.jpg 150w, https:\/\/www.residencepatriarca.it\/wp-content\/uploads\/2023\/12\/sant-ermete-570x570.jpg 570w, https:\/\/www.residencepatriarca.it\/wp-content\/uploads\/2023\/12\/sant-ermete-1000x1000.jpg 1000w, https:\/\/www.residencepatriarca.it\/wp-content\/uploads\/2023\/12\/sant-ermete-650x650.jpg 650w\" sizes=\"(max-width: 500px) 100vw, 500px\" \/><\/p>\n<header>\n<h3><a\n                        href=\"https:\/\/www.residencepatriarca.it\/en\/2023\/12\/06\/s-ermete\/\"\n                        title=\"S. Ermete\">S. Ermete<\/a><\/h3>\n<\/header>\n<p>Forte dei Marmi The feast of the Patron Saint of Forte dei Marmi. Fairs, events and fireworks.<\/p>\n<p><a\n                            href=\"https:\/\/www.residencepatriarca.it\/en\/2023\/12\/06\/s-ermete\/\"\n                           >Leggi Tutto<\/a><br \/>\n    <\/article>\n<article data-id=\"1736\">\n            <a href=\"https:\/\/www.residencepatriarca.it\/en\/2023\/12\/06\/lucca-summer-festival\/\"><\/a><br \/>\n                <img width=\"500\" height=\"500\" src=\"https:\/\/www.residencepatriarca.it\/wp-content\/uploads\/2023\/12\/lucca-summer-festival-500x500.jpg\" alt=\"\" decoding=\"async\" srcset=\"https:\/\/www.residencepatriarca.it\/wp-content\/uploads\/2023\/12\/lucca-summer-festival-500x500.jpg 500w, https:\/\/www.residencepatriarca.it\/wp-content\/uploads\/2023\/12\/lucca-summer-festival-150x150.jpg 150w, https:\/\/www.residencepatriarca.it\/wp-content\/uploads\/2023\/12\/lucca-summer-festival-570x570.jpg 570w, https:\/\/www.residencepatriarca.it\/wp-content\/uploads\/2023\/12\/lucca-summer-festival-1000x1000.jpg 1000w, https:\/\/www.residencepatriarca.it\/wp-content\/uploads\/2023\/12\/lucca-summer-festival-650x650.jpg 650w, https:\/\/www.residencepatriarca.it\/wp-content\/uploads\/2023\/12\/lucca-summer-festival-1300x1300.jpg 1300w\" sizes=\"(max-width: 500px) 100vw, 500px\" \/><\/p>\n<header>\n<h3><a\n                        href=\"https:\/\/www.residencepatriarca.it\/en\/2023\/12\/06\/lucca-summer-festival\/\"\n                        title=\"Lucca Summer Festival\">Lucca Summer Festival<\/a><\/h3>\n<\/header>\n<p>Lucca Il Lucca Summer Festival, abbreviato in LSF, \u00e8 uno tra i pi\u00f9 importanti e longevi festival musicali italiani e internazionali, che si tiene a Lucca,&#8230;<\/p>\n<p><a\n                            href=\"https:\/\/www.residencepatriarca.it\/en\/2023\/12\/06\/lucca-summer-festival\/\"\n                           >Leggi Tutto<\/a><br \/>\n    <\/article>\n<article data-id=\"1734\">\n            <a href=\"https:\/\/www.residencepatriarca.it\/en\/2023\/12\/07\/prima-estate-festival\/\"><\/a><br \/>\n                <img loading=\"lazy\" width=\"500\" height=\"500\" src=\"https:\/\/www.residencepatriarca.it\/wp-content\/uploads\/2023\/12\/la-prima-estate-500x500.jpg\" alt=\"\" decoding=\"async\" srcset=\"https:\/\/www.residencepatriarca.it\/wp-content\/uploads\/2023\/12\/la-prima-estate-500x500.jpg 500w, https:\/\/www.residencepatriarca.it\/wp-content\/uploads\/2023\/12\/la-prima-estate-150x150.jpg 150w, https:\/\/www.residencepatriarca.it\/wp-content\/uploads\/2023\/12\/la-prima-estate-570x570.jpg 570w, https:\/\/www.residencepatriarca.it\/wp-content\/uploads\/2023\/12\/la-prima-estate-1000x1000.jpg 1000w, https:\/\/www.residencepatriarca.it\/wp-content\/uploads\/2023\/12\/la-prima-estate-650x650.jpg 650w\" sizes=\"(max-width: 500px) 100vw, 500px\" \/><\/p>\n<header>\n<h3><a\n                        href=\"https:\/\/www.residencepatriarca.it\/en\/2023\/12\/07\/prima-estate-festival\/\"\n                        title=\"Prima Estate Festival\">Prima Estate Festival<\/a><\/h3>\n<\/header>\n<p>Lido di Camaiore La Prima Estate \u00e8 qualcosa pi\u00f9 di un classico festival rock, \u00e8 una vacanza musicale all\u2019inizio dell\u2019estate. Per due weekend di fine giugno&#8230;<\/p>\n<p><a\n                            href=\"https:\/\/www.residencepatriarca.it\/en\/2023\/12\/07\/prima-estate-festival\/\"\n                           >Leggi Tutto<\/a><br \/>\n    <\/article>\n<article data-id=\"1731\">\n            <a href=\"https:\/\/www.residencepatriarca.it\/en\/2023\/12\/06\/luminara-di-san-ranieri\/\"><\/a><br \/>\n                <img loading=\"lazy\" width=\"500\" height=\"500\" src=\"https:\/\/www.residencepatriarca.it\/wp-content\/uploads\/2023\/12\/luminarie-san-ranieri-500x500.jpg\" alt=\"\" decoding=\"async\" srcset=\"https:\/\/www.residencepatriarca.it\/wp-content\/uploads\/2023\/12\/luminarie-san-ranieri-500x500.jpg 500w, https:\/\/www.residencepatriarca.it\/wp-content\/uploads\/2023\/12\/luminarie-san-ranieri-150x150.jpg 150w, https:\/\/www.residencepatriarca.it\/wp-content\/uploads\/2023\/12\/luminarie-san-ranieri-570x570.jpg 570w, https:\/\/www.residencepatriarca.it\/wp-content\/uploads\/2023\/12\/luminarie-san-ranieri-1000x1000.jpg 1000w, https:\/\/www.residencepatriarca.it\/wp-content\/uploads\/2023\/12\/luminarie-san-ranieri-650x650.jpg 650w\" sizes=\"(max-width: 500px) 100vw, 500px\" \/><\/p>\n<header>\n<h3><a\n                        href=\"https:\/\/www.residencepatriarca.it\/en\/2023\/12\/06\/luminara-di-san-ranieri\/\"\n                        title=\"Luminara di San Ranieri\">Luminara di San Ranieri<\/a><\/h3>\n<\/header>\n<p>Pisa La Luminara di San Ranieri \u00e8 una festa cittadina che si svolge a Pisa la sera del 16 giugno di ogni anno, vigilia di San&#8230;<\/p>\n<p><a\n                            href=\"https:\/\/www.residencepatriarca.it\/en\/2023\/12\/06\/luminara-di-san-ranieri\/\"\n                           >Leggi Tutto<\/a><br \/>\n    <\/article>\n<article data-id=\"1728\">\n            <a href=\"https:\/\/www.residencepatriarca.it\/en\/2023\/12\/07\/festival-puccini\/\"><\/a><br \/>\n                <img loading=\"lazy\" width=\"500\" height=\"500\" src=\"https:\/\/www.residencepatriarca.it\/wp-content\/uploads\/2023\/12\/festival-puccini-500x500.jpg\" alt=\"\" decoding=\"async\" srcset=\"https:\/\/www.residencepatriarca.it\/wp-content\/uploads\/2023\/12\/festival-puccini-500x500.jpg 500w, https:\/\/www.residencepatriarca.it\/wp-content\/uploads\/2023\/12\/festival-puccini-150x150.jpg 150w, https:\/\/www.residencepatriarca.it\/wp-content\/uploads\/2023\/12\/festival-puccini-570x570.jpg 570w, https:\/\/www.residencepatriarca.it\/wp-content\/uploads\/2023\/12\/festival-puccini-1000x1000.jpg 1000w, https:\/\/www.residencepatriarca.it\/wp-content\/uploads\/2023\/12\/festival-puccini-650x650.jpg 650w\" sizes=\"(max-width: 500px) 100vw, 500px\" \/><\/p>\n<header>\n<h3><a\n                        href=\"https:\/\/www.residencepatriarca.it\/en\/2023\/12\/07\/festival-puccini\/\"\n                        title=\"Festival Puccini\">Festival Puccini<\/a><\/h3>\n<\/header>\n<p>Torre del Lago Puccini La Luminara di San Ranieri \u00e8 una festa cittadina che si svolge a Pisa la sera del 16 giugno di ogni anno,&#8230;<\/p>\n<p><a\n                            href=\"https:\/\/www.residencepatriarca.it\/en\/2023\/12\/07\/festival-puccini\/\"\n                           >Leggi Tutto<\/a><br \/>\n    <\/article>\n<article data-id=\"1725\">\n            <a href=\"https:\/\/www.residencepatriarca.it\/en\/2023\/12\/07\/carnevale-di-viareggio\/\"><\/a><br \/>\n                <img loading=\"lazy\" width=\"500\" height=\"500\" src=\"https:\/\/www.residencepatriarca.it\/wp-content\/uploads\/2023\/12\/carnevale-di-viareggio-500x500.jpg\" alt=\"\" decoding=\"async\" srcset=\"https:\/\/www.residencepatriarca.it\/wp-content\/uploads\/2023\/12\/carnevale-di-viareggio-500x500.jpg 500w, https:\/\/www.residencepatriarca.it\/wp-content\/uploads\/2023\/12\/carnevale-di-viareggio-150x150.jpg 150w, https:\/\/www.residencepatriarca.it\/wp-content\/uploads\/2023\/12\/carnevale-di-viareggio-570x570.jpg 570w, https:\/\/www.residencepatriarca.it\/wp-content\/uploads\/2023\/12\/carnevale-di-viareggio-1000x1000.jpg 1000w, https:\/\/www.residencepatriarca.it\/wp-content\/uploads\/2023\/12\/carnevale-di-viareggio-650x650.jpg 650w, https:\/\/www.residencepatriarca.it\/wp-content\/uploads\/2023\/12\/carnevale-di-viareggio-1300x1300.jpg 1300w\" sizes=\"(max-width: 500px) 100vw, 500px\" \/><\/p>\n<header>\n<h3><a\n                        href=\"https:\/\/www.residencepatriarca.it\/en\/2023\/12\/07\/carnevale-di-viareggio\/\"\n                        title=\"Carnevale di Viareggio\">Carnevale di Viareggio<\/a><\/h3>\n<\/header>\n<p>Viareggio Il Carnevale di Viareggio \u00e8 considerato uno dei pi\u00f9 importanti carnevali d\u2019Europa e del mondo. I carri allegorici, che sono i pi\u00f9 grandi e movimentati&#8230;<\/p>\n<p><a\n                            href=\"https:\/\/www.residencepatriarca.it\/en\/2023\/12\/07\/carnevale-di-viareggio\/\"\n                           >Leggi Tutto<\/a><br \/>\n    <\/article>\n<article data-id=\"1723\">\n            <a href=\"https:\/\/www.residencepatriarca.it\/en\/2023\/12\/06\/lucca-comics-and-games\/\"><\/a><br \/>\n                <img loading=\"lazy\" width=\"500\" height=\"500\" src=\"https:\/\/www.residencepatriarca.it\/wp-content\/uploads\/2023\/12\/lucca-comics-500x500.jpg\" alt=\"\" decoding=\"async\" srcset=\"https:\/\/www.residencepatriarca.it\/wp-content\/uploads\/2023\/12\/lucca-comics-500x500.jpg 500w, https:\/\/www.residencepatriarca.it\/wp-content\/uploads\/2023\/12\/lucca-comics-150x150.jpg 150w, https:\/\/www.residencepatriarca.it\/wp-content\/uploads\/2023\/12\/lucca-comics-570x570.jpg 570w, https:\/\/www.residencepatriarca.it\/wp-content\/uploads\/2023\/12\/lucca-comics-1000x1000.jpg 1000w, https:\/\/www.residencepatriarca.it\/wp-content\/uploads\/2023\/12\/lucca-comics-650x650.jpg 650w, https:\/\/www.residencepatriarca.it\/wp-content\/uploads\/2023\/12\/lucca-comics-1300x1300.jpg 1300w\" sizes=\"(max-width: 500px) 100vw, 500px\" \/><\/p>\n<header>\n<h3><a\n                        href=\"https:\/\/www.residencepatriarca.it\/en\/2023\/12\/06\/lucca-comics-and-games\/\"\n                        title=\"Lucca Comics and Games\">Lucca Comics and Games<\/a><\/h3>\n<\/header>\n<p>Lucca Lucca Comics &amp; Games \u00e8 una fiera internazionale dedicata al fumetto, all&#8217;animazione, ai giochi, ai videogiochi e all&#8217;immaginario fantasy e fantascientifico, che si svolge a&#8230;<\/p>\n<p><a\n                            href=\"https:\/\/www.residencepatriarca.it\/en\/2023\/12\/06\/lucca-comics-and-games\/\"\n                           >Leggi Tutto<\/a><br \/>\n    <\/article>\n<style>\/*! elementor - v3.17.0 - 08-11-2023 *\/\n.elementor-column .elementor-spacer-inner{height:var(--spacer-size)}.e-con{--container-widget-width:100%}.e-con-inner>.elementor-widget-spacer,.e-con>.elementor-widget-spacer{width:var(--container-widget-width,var(--spacer-size));--align-self:var(--container-widget-align-self,initial);--flex-shrink:0}.e-con-inner>.elementor-widget-spacer>.elementor-widget-container,.e-con>.elementor-widget-spacer>.elementor-widget-container{height:100%;width:100%}.e-con-inner>.elementor-widget-spacer>.elementor-widget-container>.elementor-spacer,.e-con>.elementor-widget-spacer>.elementor-widget-container>.elementor-spacer{height:100%}.e-con-inner>.elementor-widget-spacer>.elementor-widget-container>.elementor-spacer>.elementor-spacer-inner,.e-con>.elementor-widget-spacer>.elementor-widget-container>.elementor-spacer>.elementor-spacer-inner{height:var(--container-widget-height,var(--spacer-size))}.e-con-inner>.elementor-widget-spacer.elementor-widget-empty,.e-con>.elementor-widget-spacer.elementor-widget-empty{position:relative;min-height:22px;min-width:22px}.e-con-inner>.elementor-widget-spacer.elementor-widget-empty .elementor-widget-empty-icon,.e-con>.elementor-widget-spacer.elementor-widget-empty .elementor-widget-empty-icon{position:absolute;top:0;bottom:0;left:0;right:0;margin:auto;padding:0;width:22px;height:22px}<\/style>\n","protected":false},"excerpt":{"rendered":"<p>Eventi Gli Eventi II Residence Patriarca e Maestoso sono nel cuore della Versilia, punto di partenza per raggiungere in poco tempo gli eventi artistici e culturali della Toscana e delle regioni vicine. Lucca Film Festival Settembre l Festival, promuove una cultura cinematografica. Nella citt\u00e0 di&#8230;<\/p>\n","protected":false},"author":2,"featured_media":0,"parent":0,"menu_order":0,"comment_status":"closed","ping_status":"closed","template":"full_width.php","meta":{"_eb_attr":"","footnotes":""},"class_list":["post-1830","page","type-page","status-publish","hentry"],"_links":{"self":[{"href":"https:\/\/www.residencepatriarca.it\/en\/wp-json\/wp\/v2\/pages\/1830","targetHints":{"allow":["GET"]}}],"collection":[{"href":"https:\/\/www.residencepatriarca.it\/en\/wp-json\/wp\/v2\/pages"}],"about":[{"href":"https:\/\/www.residencepatriarca.it\/en\/wp-json\/wp\/v2\/types\/page"}],"author":[{"embeddable":true,"href":"https:\/\/www.residencepatriarca.it\/en\/wp-json\/wp\/v2\/users\/2"}],"replies":[{"embeddable":true,"href":"https:\/\/www.residencepatriarca.it\/en\/wp-json\/wp\/v2\/comments?post=1830"}],"version-history":[{"count":11,"href":"https:\/\/www.residencepatriarca.it\/en\/wp-json\/wp\/v2\/pages\/1830\/revisions"}],"predecessor-version":[{"id":2142,"href":"https:\/\/www.residencepatriarca.it\/en\/wp-json\/wp\/v2\/pages\/1830\/revisions\/2142"}],"wp:attachment":[{"href":"https:\/\/www.residencepatriarca.it\/en\/wp-json\/wp\/v2\/media?parent=1830"}],"curies":[{"name":"wp","href":"https:\/\/api.w.org\/{rel}","templated":true}]}}